{"id":451,"date":"2013-05-01T11:45:25","date_gmt":"2013-05-01T09:45:25","guid":{"rendered":"http:\/\/sbt-thorgal.pl\/?page_id=451"},"modified":"2016-04-03T19:37:59","modified_gmt":"2016-04-03T17:37:59","slug":"miot-t","status":"publish","type":"page","link":"http:\/\/sbt-thorgal.pl\/index.php\/miot-t\/","title":{"rendered":"Miot T"},"content":{"rendered":"<p><a href=\"http:\/\/sbt-thorgal.pl\/wp-content\/uploads\/2013\/01\/archie.jpg\"><img decoding=\"async\" loading=\"lazy\" class=\"alignleft wp-image-436 size-full\" src=\"http:\/\/sbt-thorgal.pl\/wp-content\/uploads\/2013\/01\/archie.jpg\" alt=\"archie\" width=\"250\" height=\"320\" srcset=\"http:\/\/sbt-thorgal.pl\/wp-content\/uploads\/2013\/01\/archie.jpg 250w, http:\/\/sbt-thorgal.pl\/wp-content\/uploads\/2013\/01\/archie-234x300.jpg 234w\" sizes=\"(max-width: 250px) 100vw, 250px\" \/><\/a><a href=\"http:\/\/sbt-thorgal.pl\/wp-content\/uploads\/2013\/01\/zela.jpg\"><img decoding=\"async\" loading=\"lazy\" class=\"alignright wp-image-437 size-full\" src=\"http:\/\/sbt-thorgal.pl\/wp-content\/uploads\/2013\/01\/zela.jpg\" alt=\"zela\" width=\"250\" height=\"320\" srcset=\"http:\/\/sbt-thorgal.pl\/wp-content\/uploads\/2013\/01\/zela.jpg 250w, http:\/\/sbt-thorgal.pl\/wp-content\/uploads\/2013\/01\/zela-234x300.jpg 234w\" sizes=\"(max-width: 250px) 100vw, 250px\" \/><\/a><\/p>\n<table style=\"height: 268px;\" border=\"0\" width=\"639\" cellpadding=\"0\">\n<tbody>\n<tr>\n<td><b>Ch. ZIELOESON SNAPDRAGON (GB)<\/b><\/td>\n<td><b>\u00a0Human Dogs SINEAD\u00a0<\/b><b>O&#8217;CONNOR<\/b><\/td>\n<\/tr>\n<tr>\n<td valign=\"top\">O: TILLCARR RENEGADE FLAME<br \/>\nM: RAZZLESTAFF LOOBY LOUL2-HGA &#8211; Genetically Clear<br \/>\nHC &#8211; Genetically Clear<\/td>\n<td valign=\"top\">O: Valglo ALBERTINI<br \/>\nM: Int.Ch.LA OLA Daffodill Yellow<br \/>\nL2-HGA- Genetically ClearHC- Genetically Clear<\/td>\n<\/tr>\n<\/tbody>\n<\/table>\n<p><strong>Pragniemy Pa\u0144stwa poinformowa\u0107, \u017ce w dniu 09.08.2011 r. z powy\u017cszego skojarzenia narodzi\u0142o si\u0119 osiem wspania\u0142ych szczeni\u0105t &#8211; cztery pieski i cztery suczki.<\/strong><\/p>\n<p><i>\u00a0<strong>Szczeni\u0119ta s\u0105 genetycznie czyste od L-2-HGA i HC.<\/strong><\/i><\/p>\n<p>Pieski: \u00a0Theoden z Rohanu &#8211; Jastrz\u0119bie Zdr\u00f3j, \u00a0Tar Alcarin &#8211; Kielce,<br \/>\nTulkas z Valinoru &#8211; Kamienna G\u00f3ra,\u00a0<em id=\"__mceDel\">Turin Turambar &#8211; Katowice<\/em><\/p>\n<p>Suczki: \u00a0Tissaya de Vries -Katowice, \u00a0Touruvile z Dol Blathanna &#8211; Lublin,<br \/>\nTalia du Lac &#8211; Wroc\u0142aw, \u00a0Triss Merigold (Lusia) &#8211; kennel Thorgal<\/p>\n<p><strong>Rodow\u00f3d szczeni\u0105t :<\/strong> \u00a0<a href=\"http:\/\/www.sbtpedigree.com\/dogarchive3\/testmating.php?dam=127399&amp;sire=128099&amp;gens=4\">http:\/\/www.sbtpedigree.com\/dogarchive3\/testmating.php?dam=127399&amp;sire=128099&amp;gens=4<\/a><\/p>\n<div align=\"center\">\n<table border=\"1\" width=\"700\" cellspacing=\"1\" cellpadding=\"0\">\n<tbody>\n<tr>\n<td rowspan=\"8\" width=\"22%\">Ch.Zieloeson Snapdragon<\/td>\n<td rowspan=\"4\" width=\"21%\">Tillcarr Renegade Flame<\/td>\n<td rowspan=\"2\" width=\"27%\">Crashkon Boot Strap Bill<\/td>\n<td width=\"30%\">Valglo Albertini<\/td>\n<\/tr>\n<tr>\n<td width=\"30%\">Crashkon Swing Out Sister<\/td>\n<\/tr>\n<tr>\n<td rowspan=\"2\" width=\"27%\">Tillcarr Firerock<\/td>\n<td width=\"30%\">Crashkon Baileys<\/td>\n<\/tr>\n<tr>\n<td width=\"30%\">Pitstar Dark Angel of Tillcarr<\/td>\n<\/tr>\n<tr>\n<td rowspan=\"4\" width=\"21%\">Razzlestaff Looby Lou<\/td>\n<td rowspan=\"2\" width=\"27%\">Valglo the Chief at Razzlestaff<\/td>\n<td width=\"30%\">Ch. Valglo Casanova at Crossguns<\/td>\n<\/tr>\n<tr>\n<td width=\"30%\">Valglo Caristia<\/td>\n<\/tr>\n<tr>\n<td rowspan=\"2\" width=\"27%\">Ain\u00b4t She a Dream at Razzlestaff<\/td>\n<td width=\"30%\">Crashkon What a Cracker<\/td>\n<\/tr>\n<tr>\n<td width=\"30%\">Sister Sledge<\/td>\n<\/tr>\n<tr>\n<td rowspan=\"8\" width=\"22%\">Human Dogs Sinead O&#8217;Connor<\/td>\n<td rowspan=\"4\" width=\"21%\">Valglo Albertini<\/td>\n<td rowspan=\"2\" width=\"27%\">Ch. Vanoric Voo Doo<\/td>\n<td width=\"30%\">Ch. Sparstaff Dodgy Docker<\/td>\n<\/tr>\n<tr>\n<td width=\"30%\">Ch. Jamarvins Famme Fatale of Vanoric<\/td>\n<\/tr>\n<tr>\n<td rowspan=\"2\" width=\"27%\">Valglo Avensis<\/td>\n<td width=\"30%\">Ch. Valglo Lancer<\/td>\n<\/tr>\n<tr>\n<td width=\"30%\">Valglo Cascade<\/td>\n<\/tr>\n<tr>\n<td rowspan=\"4\" width=\"21%\">Int. Ch. La Ola Daffodil Yellow<\/td>\n<td rowspan=\"2\" width=\"27%\">Int. Ch. York House Marksman<\/td>\n<td width=\"30%\">Ch. Vanoric Voo Doo<\/td>\n<\/tr>\n<tr>\n<td width=\"30%\">Toscam Moonbeam<\/td>\n<\/tr>\n<tr>\n<td rowspan=\"2\" width=\"27%\">Int. Ch. Azure Annemone vom Beauty Domicil<\/td>\n<td width=\"30%\">Ch. Wyrefare Cartier Bensolo<\/td>\n<\/tr>\n<tr>\n<td width=\"30%\">Ch. Cheerstaff Covergirl<\/td>\n<\/tr>\n<\/tbody>\n<\/table>\n<\/div>\n","protected":false},"excerpt":{"rendered":"<p>Ch. ZIELOESON SNAPDRAGON (GB) \u00a0Human Dogs SINEAD\u00a0O&#8217;CONNOR O: TILLCARR RENEGADE FLAME M: RAZZLESTAFF LOOBY LOUL2-HGA &#8211; Genetically Clear HC &#8211; Genetically Clear O: Valglo ALBERTINI M: Int.Ch.LA OLA Daffodill Yellow L2-HGA- Genetically ClearHC- Genetically Clear Pragniemy Pa\u0144stwa poinformowa\u0107, \u017ce w &hellip; <a href=\"http:\/\/sbt-thorgal.pl\/index.php\/miot-t\/\">Czytaj dalej <span class=\"meta-nav\">&rarr;<\/span><\/a><\/p>\n","protected":false},"author":3,"featured_media":0,"parent":0,"menu_order":0,"comment_status":"closed","ping_status":"open","template":"","meta":{"footnotes":""},"_links":{"self":[{"href":"http:\/\/sbt-thorgal.pl\/index.php\/wp-json\/wp\/v2\/pages\/451"}],"collection":[{"href":"http:\/\/sbt-thorgal.pl\/index.php\/wp-json\/wp\/v2\/pages"}],"about":[{"href":"http:\/\/sbt-thorgal.pl\/index.php\/wp-json\/wp\/v2\/types\/page"}],"author":[{"embeddable":true,"href":"http:\/\/sbt-thorgal.pl\/index.php\/wp-json\/wp\/v2\/users\/3"}],"replies":[{"embeddable":true,"href":"http:\/\/sbt-thorgal.pl\/index.php\/wp-json\/wp\/v2\/comments?post=451"}],"version-history":[{"count":24,"href":"http:\/\/sbt-thorgal.pl\/index.php\/wp-json\/wp\/v2\/pages\/451\/revisions"}],"predecessor-version":[{"id":2642,"href":"http:\/\/sbt-thorgal.pl\/index.php\/wp-json\/wp\/v2\/pages\/451\/revisions\/2642"}],"wp:attachment":[{"href":"http:\/\/sbt-thorgal.pl\/index.php\/wp-json\/wp\/v2\/media?parent=451"}],"curies":[{"name":"wp","href":"https:\/\/api.w.org\/{rel}","templated":true}]}}