{"id":283,"date":"2013-02-28T20:27:22","date_gmt":"2013-02-28T19:27:22","guid":{"rendered":"http:\/\/sbt-thorgal.pl\/?page_id=283"},"modified":"2013-03-01T16:13:05","modified_gmt":"2013-03-01T15:13:05","slug":"choroby","status":"publish","type":"page","link":"http:\/\/sbt-thorgal.pl\/index.php\/choroby\/","title":{"rendered":"Choroby"},"content":{"rendered":"<p><b>L2-HGA (L2-hydroxyglutaric aciduria)<\/b>. Jest to stosunkowo niedawno zdiagnozowana neurometaboliczna choroba o pod\u0142o\u017cu genetycznym. Wyst\u0119puje tylko u ps\u00f3w rasy SBT. Atakuje centralny uk\u0142ad nerwowy, w szczeg\u00f3lno\u015bci m\u00f3zg. Charakteryzuje si\u0119 wyst\u0119powaniem podwy\u017cszonego poziomu kwasu L-2hydroksyglutarowego w moczu, krwi i p\u0142ynie m\u00f3zgowo-rdzeniowym. Objawy u ps\u00f3w to: ataki epilepsji, drgawki, sztywno\u015b\u0107 i skurcze mi\u0119\u015bni oraz wyst\u0119powanie tzw. chwiejnego chodu (&#8222;wobbly&#8221; gait). Mo\u017ce r\u00f3wnie\u017c wyst\u0119powa\u0107 tzw. \u201ezawieszanie si\u0119\u201d psa (pies stoi nieruchomo przez d\u0142u\u017cszy czas w stanie ot\u0119pienia). Atak ostry nast\u0119puje zazwyczaj jako efekt intensywnego wysi\u0142ku, podniecenia, silnych emocji czy podobnych nietypowych sytuacji. Choroba, poza wymienionymi objawami, prowadzi do demencji przejawiaj\u0105cej si\u0119 brakiem pos\u0142usze\u0144stwa wynikaj\u0105cym z zapomnienia wyuczonych komend. Symptomy choroby s\u0105 niespecyficzne, mog\u0105 wyst\u0105pi\u0107 wszystkie lub tylko jeden, w zwi\u0105zku z tym mo\u017ce by\u0107 mylona z innymi chorobami neurologicznymi, jak np. epilepsja. Pierwsze objawy mog\u0105 si\u0119 pojawia\u0107 pomi\u0119dzy 6 a 12 miesi\u0105cem \u017cycia szczeni\u0119cia, aczkolwiek zdarzaj\u0105 si\u0119 przypadki, \u017ce choruj\u0105 te\u017c starsze zwierz\u0119ta. Najpewniejsz\u0105 metod\u0105 diagnostyczn\u0105 jest badanie rezonansem magnetycznym (RM), kt\u00f3re wykazuje charakterystyczne zmiany zachodz\u0105ce w wyniku odk\u0142adania si\u0119 kwasu L2-hydroksyglutarowego w m\u00f3zgu. Ostateczna diagnoza powinna by\u0107 potwierdzona badaniem krwi i moczu na obecno\u015b\u0107 L2-HGA. Choroba ta jest uwarunkowana obecno\u015bci\u0105 recesywnego genu autosomalnego, co oznacza, \u017ce aby osobnik zachorowa\u0142 musi posiada\u0107 dwa zmutowane recesywne allele. Pies posiadaj\u0105cy w genotypie jedn\u0105 kopi\u0119 zmutowanego genu i drug\u0105 normalnego jest zdrowy, ale jest nosicielem choroby i gen ten przeka\u017ce po\u0142owie swego potomstwa. W laboratorium Animal Health Trust w Wielkiej Brytanii opracowano test diagnostyczny\u00a0oparty na analizie DNA umo\u017cliwiaj\u0105cy identyfikacj\u0119 genu odpowiedzialnego za t\u0119 chorob\u0119.<\/p>\n<p><em id=\"__mceDel\"> <a href=\"http:\/\/sbt-thorgal.pl\/wp-content\/uploads\/2013\/02\/x1.jpg\"><img decoding=\"async\" loading=\"lazy\" class=\"alignnone size-thumbnail wp-image-299\" alt=\"x1\" src=\"http:\/\/sbt-thorgal.pl\/wp-content\/uploads\/2013\/02\/x1-150x150.jpg\" width=\"150\" height=\"150\" \/><\/a><a href=\"http:\/\/sbt-thorgal.pl\/wp-content\/uploads\/2013\/02\/x2.jpg\"><img decoding=\"async\" loading=\"lazy\" class=\"alignnone size-thumbnail wp-image-300\" alt=\"x2\" src=\"http:\/\/sbt-thorgal.pl\/wp-content\/uploads\/2013\/02\/x2-150x150.jpg\" width=\"150\" height=\"150\" \/><\/a><\/em><\/p>\n<div align=\"center\">\n<hr align=\"center\" size=\"2\" width=\"100%\" \/>\n<\/div>\n<p>&nbsp;<\/p>\n<p><b>Choroby oczu<\/b><\/p>\n<p><b>Dziedziczna katarakta (Hereditary Cataract)<\/b>. Termin katarakta (inaczej za\u0107ma) oznacza zm\u0119tnienie soczewki, kt\u00f3re powoduje, \u017ce jest ona cz\u0119\u015bciowo lub ca\u0142kowicie nieprzezierna (nie przepuszcza promieni \u015bwietlnych w g\u0142\u0105b ga\u0142ki ocznej). Za\u0107ma dziedziczna jest chorob\u0105 przewlek\u0142\u0105, rozwijaj\u0105c\u0105 si\u0119 latami. Pierwsze objawy choroby pojawiaj\u0105 si\u0119 ju\u017c u m\u0142odych ps\u00f3w, zazwyczaj przed 1 rokiem \u017cycia prowadz\u0105c do ca\u0142kowitej \u015blepoty pomiedzy 2 a 3 rokiem \u017cycia. Mog\u0105 dotyczy\u0107 jednego lub obu oczu. W pocz\u0105tkowej fazie choroby jest to punktowe, pojedyncze zm\u0119tnienie, zwykle w \u015brodkowym polu tylnej cz\u0119\u015bci soczewki, widoczne jedynie w badaniu okulistycznym. W tym okresie pies nie ma \u017cadnych problem\u00f3w z widzeniem i zachowuje si\u0119 zupe\u0142nie normalnie. Z czasem pojawiaj\u0105 si\u0119 kolejne zm\u0119tnia\u0142e punkty, a\u017c dochodzi do zm\u0119tnienia ca\u0142ej soczewki i ca\u0142kowitej \u015blepoty. Obecnie metod\u0105 z wyboru w leczeniu za\u0107my jest zabieg usuni\u0119cia zm\u0119tnia\u0142ej soczewki. Dziedziczenie autosomalne recesywne. Mo\u017cliwo\u015b\u0107 diagnostyki laboratoryjnej na podstawie analizy DNA.<\/p>\n<p><a href=\"http:\/\/sbt-thorgal.pl\/wp-content\/uploads\/2013\/02\/x3.jpg\"><img decoding=\"async\" loading=\"lazy\" class=\"alignnone size-full wp-image-301\" alt=\"x3\" src=\"http:\/\/sbt-thorgal.pl\/wp-content\/uploads\/2013\/02\/x3.jpg\" width=\"150\" height=\"134\" \/><\/a><\/p>\n<p>&nbsp;<\/p>\n<p>&nbsp;<\/p>\n<p><b>Przetrwa\u0142e przero\u015bni\u0119te pierwotne cia\u0142o szkliste (Persistent Hyperplastic Primary Vitrious &#8211; PHPV)<\/b>. Stosunkowo cz\u0119sto spotykane schorzenie u ps\u00f3w rasy SBT w UK. Na chwil\u0119 obecn\u0105 nie stwierdzono jednoznacznie, czy jest to wada o pod\u0142o\u017cu czysto genetycznym czy rozwojowa. Wiadomo, \u017ce pojawia si\u0119 w \u017cyciu p\u0142odowym i po urodzeniu szczeni\u0119cia nie post\u0119puje z wiekiem. Choroba, w medycynie ludzkiej opisywana r\u00f3wnie\u017c jako zesp\u00f3\u0142 przetrwa\u0142ego unaczynienia p\u0142odowego, jest spowodowana defektem regresji naczy\u0144 krwiono\u015bnych zaopatruj\u0105cych soczewk\u0119 oka w \u017cyciu p\u0142odowym. U zdrowych osobnik\u00f3w naczynia te zanikaj\u0105 przed porodem, natomiast u osobnik\u00f3w obarczonych tym defektem pozostaj\u0105 po urodzeniu, w efekcie czego dochodzi do wytworzenia przetrwa\u0142ego nab\u0142onka zawieraj\u0105cego granulki pigmentu, umiejscowionego zazwyczaj w tylnej cz\u0119\u015bci soczewki. Ma\u0142e zmiany wyst\u0119puj\u0105ce tylko jako kropki pigmentu umiejscowione na tyle soczewki nie daj\u0105 zazwyczaj objaw\u00f3w, ale ci\u0119\u017ckie zmiany w obrebie soczewki mog\u0105 prowadzi\u0107 nawet do wt\u00f3rnej \u015blepoty. Wada najcz\u0119\u015bciej dotyczy obu oczu. Mo\u017cna j\u0105 diagnozowa\u0107 klinicznie tylko w badaniu okulistycznym przy u\u017cyciu oftalmoskopu ju\u017c u 6-8 tygodniowych szczeni\u0105t. \u00a0Wada wyst\u0119puje r\u00f3wnie\u017c u doberman\u00f3w.<\/p>\n<p>&nbsp;<\/p>\n<p><b>ED CHD<\/b><\/p>\n<p><b>Dysplazja stawu biodrowego (Hip Dysplasia)<\/b>. Schorzenie dziedziczne wyst\u0119puj\u0105ce powszechnie u ponad 200 ras ps\u00f3w. Polega na niedorozwoju panewki miednicy, jej wi\u0105zad\u0142a i g\u0142owy ko\u015bci udowej. Gdy niedorozw\u00f3j jest minimalny objawy s\u0105 trudno zauwa\u017calne. W postaci ostrej choroby pies mocno kuleje, odczuwa dokuczliwy b\u00f3l, w postaci skrajnej &#8211; nie mo\u017ce chodzi\u0107. Dysplazja jest niestety nieuleczalna. Mo\u017cna \u0142agodzi\u0107 jej objawy ale jedyn\u0105 skuteczn\u0105 metod\u0105 jest operacja wstawienia sztucznego stawu biodrowego.<br \/>\nSymbole okre\u015blaj\u0105ce stopie\u0144 dysplazji biodrowej u ps\u00f3w (godne z zaleceniami FCI):<br \/>\n\u2022 A &#8211; wolny od dysplazji<br \/>\n\u2022 B &#8211; prawie normalny<br \/>\n\u2022 C &#8211; nieznaczna (lekka) dysplazja<br \/>\n\u2022 D &#8211; umiarkowana (\u015brednia) dysplazja<br \/>\n\u2022 E &#8211; ci\u0119\u017cka dysplazja<br \/>\nW Polsce dysplazja biodrowa nie jest cz\u0119sto spotykan\u0105 wad\u0105 u SBT, jednak wg statystyki OFA (Orthopedic Foundation for Animals, Columbia, USA) wyst\u0119puje ona u 17% badanych w USA staffik\u00f3w. R\u00f3wnocze\u015bnie opisano dysplazj\u0119 \u0142okciow\u0105 u 10% badanych w USA ps\u00f3w.<\/p>\n<p>&nbsp;<\/p>\n<div align=\"center\">\n<hr align=\"center\" size=\"2\" width=\"100%\" \/>\n<\/div>\n<p>\u0179r\u00f3d\u0142o:\u00a0<a href=\"http:\/\/staffik.pl\/gen3.html\" target=\"_blank\">http:\/\/staffik.pl\/gen3.html<\/a><\/p>\n<p>&nbsp;<\/p>\n","protected":false},"excerpt":{"rendered":"<p>L2-HGA (L2-hydroxyglutaric aciduria). Jest to stosunkowo niedawno zdiagnozowana neurometaboliczna choroba o pod\u0142o\u017cu genetycznym. Wyst\u0119puje tylko u ps\u00f3w rasy SBT. Atakuje centralny uk\u0142ad nerwowy, w szczeg\u00f3lno\u015bci m\u00f3zg. Charakteryzuje si\u0119 wyst\u0119powaniem podwy\u017cszonego poziomu kwasu L-2hydroksyglutarowego w moczu, krwi i p\u0142ynie m\u00f3zgowo-rdzeniowym. Objawy &hellip; <a href=\"http:\/\/sbt-thorgal.pl\/index.php\/choroby\/\">Czytaj dalej <span class=\"meta-nav\">&rarr;<\/span><\/a><\/p>\n","protected":false},"author":3,"featured_media":0,"parent":0,"menu_order":0,"comment_status":"closed","ping_status":"open","template":"","meta":{"footnotes":""},"_links":{"self":[{"href":"http:\/\/sbt-thorgal.pl\/index.php\/wp-json\/wp\/v2\/pages\/283"}],"collection":[{"href":"http:\/\/sbt-thorgal.pl\/index.php\/wp-json\/wp\/v2\/pages"}],"about":[{"href":"http:\/\/sbt-thorgal.pl\/index.php\/wp-json\/wp\/v2\/types\/page"}],"author":[{"embeddable":true,"href":"http:\/\/sbt-thorgal.pl\/index.php\/wp-json\/wp\/v2\/users\/3"}],"replies":[{"embeddable":true,"href":"http:\/\/sbt-thorgal.pl\/index.php\/wp-json\/wp\/v2\/comments?post=283"}],"version-history":[{"count":4,"href":"http:\/\/sbt-thorgal.pl\/index.php\/wp-json\/wp\/v2\/pages\/283\/revisions"}],"predecessor-version":[{"id":303,"href":"http:\/\/sbt-thorgal.pl\/index.php\/wp-json\/wp\/v2\/pages\/283\/revisions\/303"}],"wp:attachment":[{"href":"http:\/\/sbt-thorgal.pl\/index.php\/wp-json\/wp\/v2\/media?parent=283"}],"curies":[{"name":"wp","href":"https:\/\/api.w.org\/{rel}","templated":true}]}}