{"id":281,"date":"2013-02-28T20:26:48","date_gmt":"2013-02-28T19:26:48","guid":{"rendered":"http:\/\/sbt-thorgal.pl\/?page_id=281"},"modified":"2013-03-01T15:55:03","modified_gmt":"2013-03-01T14:55:03","slug":"o-rasie","status":"publish","type":"page","link":"http:\/\/sbt-thorgal.pl\/index.php\/o-rasie\/","title":{"rendered":"O rasie"},"content":{"rendered":"<p><b>Historia rasy<\/b><\/p>\n<p>Rasa\u00a0<b>Staffordshire Bull Terrier<\/b>\u00a0powsta\u0142a w Anglii na pocz\u0105tku XIX w. w wyniku skrzy\u017cowania\u00a0<b>Old English Bulldoga<\/b>\u00a0z miejscowymi terierami, takimi jak:\u00a0<b>English White Terrier<\/b>\u00a0oraz\u00a0<b>Manchester Terrier<\/b>. W rezultacie powsta\u0142 pies, kt\u00f3ry \u0142\u0105czy\u0142 ogromn\u0105 si\u0142\u0119 fizyczn\u0105 buldoga z nieust\u0119pliwo\u015bci\u0105 i wojowniczo\u015bci\u0105 teriera. To w\u0142a\u015bnie Staffordshire Bull Terrier zapocz\u0105tkowa\u0142 ca\u0142\u0105 grup\u0119 ps\u00f3w typu Bull &amp; Terrier oraz zainspirowa\u0142 hodowc\u00f3w do dalszych krzy\u017c\u00f3wek pomi\u0119dzy buldogami i terierami. Jest to wi\u0119c &#8222;oryginalny&#8221; Bull-and-Terrier, a nie pies nosz\u0105cy nazw\u0119 &#8211; bullterier, kt\u00f3ry powsta\u0142 nieco p\u00f3\u017aniej.<\/p>\n<p>Przodkowie &#8222;staffika&#8221; swoja karier\u0119 rozpoczynali na ringach, w walce z bykami, borsukami, wydrami oraz\u00a0nied\u017awiedziami. P\u00f3\u017aniej bardzo popularne sta\u0142o si\u0119 zagryzanie szczur\u00f3w na czas oraz psie walki. To w\u0142a\u015bnie staffikowi nale\u017cy przypisa\u0107 rekord pokonania ponad 1000 szczur\u00f3w w kilka minut. Ten niewielki mocarz, o\u00a0wielkiej sile i\u00a0odwadze bardzo wytrwa\u0142y, odporny i\u00a0zawzi\u0119ty w walce mia\u0142 liczne grono zwolennik\u00f3w i\u00a0cieszy\u0142 si\u0119 du\u017c\u0105 popularno\u015bci\u0105.<\/p>\n<p>W przeciwie\u0144stwie do bardzo popularnego pogl\u0105du, nazwa rasy nie pochodzi od hrabstwa Staffordshire, a od tawerny, gdzie powsta\u0142 pierwszy wzorzec rasy. Wiele ps\u00f3w trafi\u0142o w XIX w. do USA, gdzie by\u0142y krzy\u017cowane z innymi rasami. Staj\u0105c si\u0119 wi\u0119ksze i wy\u017csze, doprowadzi\u0142y do powstania ras American Staffordshire Terrier i American Pit Bull Terrier. Staffordshire Bull Terrier, czy te\u017c staffik, pozosta\u0142 na wyspach brytyjskich bez zmian fizycznych.<\/p>\n<p>W roku 1935 rasa\u00a0<b>Staffordshire Bull Terrier<\/b>\u00a0zosta\u0142a oficjalnie uznana przez Cennel Club, a\u00a0dzi\u0119ki temu, \u017ce wielki mi\u0142o\u015bnik i propagator rasy &#8211;\u00a0<b>Joe Mallen<\/b>&#8211; ukocha\u0142 sobie t\u0105 ras\u0119, pojawi\u0142 si\u0119 pierwszy w historii Champion Staffordshire Bull Terrier &#8211;\u00a0<b>Gentelman Jim!<\/b>\u00a0Fakty te zaowocowa\u0142y tym, \u017ce po dzi\u015b dzie\u0144 na ulicach Wielkiej Brytanii mo\u017cna spotka\u0107 wielu przedstawicieli tej rasy. Zyskuje tak\u017ce coraz wi\u0119ksz\u0105 popularno\u015b\u0107 i grono wielbicieli w\u00a0naszym kraju. W obecnych czasach\u00a0<b>charakter staffika<\/b>\u00a0wykorzystywany jest w innym kierunku. To pies, kt\u00f3ry kocha w\u0142a\u015bciciela i potrafi doskonale z nim wsp\u00f3\u0142pracowa\u0107! Ze wzgl\u0119du na swoj\u0105\u00a0<b>niespo\u017cyt\u0105\u00a0energi\u0119<\/b>,\u00a0<b>zwinno\u015b\u0107<\/b>\u00a0i<b>temperament<\/b>\u00a0doskonale sprawdza si\u0119 w ekstremalnych psich sportach, a tak\u017ce podczas d\u0142ugich spacer\u00f3w i w czasie zabaw.\u00a0<b>Staffik kocha\u00a0dzieci<\/b>\u00a0&#8211; i z tego te\u017c powodu w Anglii nazwano go\u00a0<span style=\"text-decoration: underline;\">&#8222;psi\u0105 nia\u0144k\u0105<\/span>&#8221; &#8211; mimo swej wielkiej si\u0142y potrafi doskonale i bardzo delikatnie bawi\u0107 si\u0119 i opiekowa\u0107 dzie\u0107mi i m\u00f3g\u0142by to robi\u0107 godzinami. Gdy uzna, \u017ce zabawa dobieg\u0142a ko\u0144ca po prostu b\u0119dzie si\u0119 chowa\u0142, ucieka\u0142 i mo\u017cemy by\u0107 pewni, \u017ce nie zareaguje agresj\u0105. Mimo to zabawa psa z dzieckiem zawsze powinna by\u0107 nadzorowana przez doros\u0142ych ze wzgl\u0119du na si\u0142\u0119 i energiczny charakter tej rasy.<\/p>\n<p><b>\u00a0<\/b><\/p>\n","protected":false},"excerpt":{"rendered":"<p>Historia rasy Rasa\u00a0Staffordshire Bull Terrier\u00a0powsta\u0142a w Anglii na pocz\u0105tku XIX w. w wyniku skrzy\u017cowania\u00a0Old English Bulldoga\u00a0z miejscowymi terierami, takimi jak:\u00a0English White Terrier\u00a0oraz\u00a0Manchester Terrier. W rezultacie powsta\u0142 pies, kt\u00f3ry \u0142\u0105czy\u0142 ogromn\u0105 si\u0142\u0119 fizyczn\u0105 buldoga z nieust\u0119pliwo\u015bci\u0105 i wojowniczo\u015bci\u0105 teriera. To w\u0142a\u015bnie &hellip; <a href=\"http:\/\/sbt-thorgal.pl\/index.php\/o-rasie\/\">Czytaj dalej <span class=\"meta-nav\">&rarr;<\/span><\/a><\/p>\n","protected":false},"author":3,"featured_media":0,"parent":0,"menu_order":0,"comment_status":"closed","ping_status":"open","template":"","meta":{"footnotes":""},"_links":{"self":[{"href":"http:\/\/sbt-thorgal.pl\/index.php\/wp-json\/wp\/v2\/pages\/281"}],"collection":[{"href":"http:\/\/sbt-thorgal.pl\/index.php\/wp-json\/wp\/v2\/pages"}],"about":[{"href":"http:\/\/sbt-thorgal.pl\/index.php\/wp-json\/wp\/v2\/types\/page"}],"author":[{"embeddable":true,"href":"http:\/\/sbt-thorgal.pl\/index.php\/wp-json\/wp\/v2\/users\/3"}],"replies":[{"embeddable":true,"href":"http:\/\/sbt-thorgal.pl\/index.php\/wp-json\/wp\/v2\/comments?post=281"}],"version-history":[{"count":2,"href":"http:\/\/sbt-thorgal.pl\/index.php\/wp-json\/wp\/v2\/pages\/281\/revisions"}],"predecessor-version":[{"id":296,"href":"http:\/\/sbt-thorgal.pl\/index.php\/wp-json\/wp\/v2\/pages\/281\/revisions\/296"}],"wp:attachment":[{"href":"http:\/\/sbt-thorgal.pl\/index.php\/wp-json\/wp\/v2\/media?parent=281"}],"curies":[{"name":"wp","href":"https:\/\/api.w.org\/{rel}","templated":true}]}}