{"id":1511,"date":"2016-10-31T17:35:02","date_gmt":"2016-10-31T16:35:02","guid":{"rendered":"http:\/\/sbt-thorgal.pl\/?page_id=1511"},"modified":"2018-06-09T14:46:09","modified_gmt":"2018-06-09T12:46:09","slug":"miot","status":"publish","type":"page","link":"http:\/\/sbt-thorgal.pl\/index.php\/miot\/","title":{"rendered":"Miot N"},"content":{"rendered":"<p>20.09.2017r \u00a0w naszej hodowli urodzi\u0142y si\u0119 2 pieski i 1 suczka ze skojarzenia \u00a0naszej Ch.Thorgal Arianki z Talgaru \u2013 Janeczki \u00a0z wybitnym angielskim, eleganckim psem Ch. Jacobeaus Viva La Vida \u2013 Reno , mieszkaj\u0105cym w Holandii \u00a0( hodowla Frisian Staff\u2019s )!!!<\/p>\n<p>Jest to pierwszy miot Janeczki oraz pierwszy miot w Polsce po tym reproduktorze !!!<\/p>\n<p>Szczeni\u0119ta s\u0105 genetycznie wolne od chor\u00f3b charakterystycznych dla rasy \u00a0L-2-HGA i HC, rodzice dodatkowo s\u0105 przebadani w kierunku HD -dysplazji staw\u00f3w biodrowych, ED \u2013 dysplazji staw\u00f3w \u0142okciowych, PHPV &#8211; choroby oczu (Reno) i PL \u2013 rzepki kolanowej (Reno i Janeczka)<\/p>\n<p><a href=\"http:\/\/sbt-thorgal.pl\/wp-content\/uploads\/2016\/10\/26238986_1576129202424437_6036183750735427567_n.jpg\"><img decoding=\"async\" loading=\"lazy\" class=\"alignnone  wp-image-1751\" src=\"http:\/\/sbt-thorgal.pl\/wp-content\/uploads\/2016\/10\/Reno-2-240x300.jpg\" alt=\"Reno 2\" width=\"310\" height=\"388\" srcset=\"http:\/\/sbt-thorgal.pl\/wp-content\/uploads\/2016\/10\/Reno-2-240x300.jpg 240w, http:\/\/sbt-thorgal.pl\/wp-content\/uploads\/2016\/10\/Reno-2.jpg 576w\" sizes=\"(max-width: 310px) 100vw, 310px\" \/><img decoding=\"async\" loading=\"lazy\" class=\"alignnone  wp-image-1753\" src=\"http:\/\/sbt-thorgal.pl\/wp-content\/uploads\/2016\/10\/26238986_1576129202424437_6036183750735427567_n-246x300.jpg\" alt=\"26238986_1576129202424437_6036183750735427567_n\" width=\"317\" height=\"386\" srcset=\"http:\/\/sbt-thorgal.pl\/wp-content\/uploads\/2016\/10\/26238986_1576129202424437_6036183750735427567_n-246x300.jpg 246w, http:\/\/sbt-thorgal.pl\/wp-content\/uploads\/2016\/10\/26238986_1576129202424437_6036183750735427567_n.jpg 584w\" sizes=\"(max-width: 317px) 100vw, 317px\" \/><\/a><\/p>\n<p>Ch. Jacobeaus Viva La Vida &#8211; Reno\u00a0 \u00a0 \u00a0 \u00a0 \u00a0 &amp;\u00a0 \u00a0 \u00a0 \u00a0 Ch. Thorgal Arianka z Talgaru &#8211; Janeczka<\/p>\n<table style=\"height: 305px;\" width=\"639\">\n<tbody>\n<tr>\n<td width=\"307\">Sire : Diamonds of Blanch Invictus Hunter (ESP)Dam: JW Starolestaff Mystic Mimi of \u00a0\u00a0\u00a0\u00a0\u00a0Antroboss \u00a0(UK)<\/p>\n<p>L-2-HGA &#8211; geneticale clear<\/p>\n<p>HC &#8211; geneticale clear<\/p>\n<p>HD \u2013 A\/A ,\u00a0\u00a0ED \u2013 0\/0 ,\u00a0PHPV &#8211; clear<\/td>\n<td width=\"307\">Sire : Ch.Archidamos Show-My-DogsDam : Ch.Thorgal Triss Merigold<\/p>\n<p>L-2-HGA &#8211; geneticale clear<\/p>\n<p>HC &#8211; geneticale clear<\/p>\n<p>Patella Lux. \u2013 0\/0<\/p>\n<p>&nbsp;<\/td>\n<\/tr>\n<\/tbody>\n<\/table>\n<p>Rodow\u00f3d szczeni\u0105t :\u00a0http:\/\/www.sbtpedigree.com\/dogarchive3\/details.php?id=1680762<\/p>\n<p><b><span id=\"fbPhotoSnowliftCaption\" class=\"fbPhotosPhotoCaption\" tabindex=\"0\" data-ft=\"{&quot;tn&quot;:&quot;K&quot;}\"><span class=\"hasCaption\">Thorgal NANNA NIFLHEIM<\/span><\/span><span id=\"fbPhotoSnowliftTagList\" class=\"fbPhotoTagList\"><span class=\"fcg\">\u00a0 &#8211; Czesia <\/span><\/span><\/b><span id=\"fbPhotoSnowliftTagList\" class=\"fbPhotoTagList\"><span class=\"fcg\">(<\/span><\/span><span id=\"fbPhotoSnowliftTagList\" class=\"fbPhotoTagList\"><span class=\"fcg\">hodowla Thorgal)<\/span><\/span><\/p>\n<p>6 tygodni<\/p>\n<p><a href=\"http:\/\/sbt-thorgal.pl\/wp-content\/uploads\/2013\/05\/fllorka.jpg\"><img decoding=\"async\" loading=\"lazy\" class=\"alignnone  wp-image-1716\" src=\"http:\/\/sbt-thorgal.pl\/wp-content\/uploads\/2013\/05\/fllorka-300x215.jpg\" alt=\"fllorka\" width=\"382\" height=\"274\" srcset=\"http:\/\/sbt-thorgal.pl\/wp-content\/uploads\/2013\/05\/fllorka-300x215.jpg 300w, http:\/\/sbt-thorgal.pl\/wp-content\/uploads\/2013\/05\/fllorka-1024x736.jpg 1024w, http:\/\/sbt-thorgal.pl\/wp-content\/uploads\/2013\/05\/fllorka.jpg 1800w\" sizes=\"(max-width: 382px) 100vw, 382px\" \/><\/a><a href=\"http:\/\/sbt-thorgal.pl\/wp-content\/uploads\/2013\/05\/flor.jpg\"><img decoding=\"async\" loading=\"lazy\" class=\"alignnone  wp-image-1717\" src=\"http:\/\/sbt-thorgal.pl\/wp-content\/uploads\/2013\/05\/flor-223x300.jpg\" alt=\"flor\" width=\"255\" height=\"343\" srcset=\"http:\/\/sbt-thorgal.pl\/wp-content\/uploads\/2013\/05\/flor-223x300.jpg 223w, http:\/\/sbt-thorgal.pl\/wp-content\/uploads\/2013\/05\/flor-762x1024.jpg 762w, http:\/\/sbt-thorgal.pl\/wp-content\/uploads\/2013\/05\/flor.jpg 1800w\" sizes=\"(max-width: 255px) 100vw, 255px\" \/><\/a><\/p>\n<p>5 tygodni<\/p>\n<p><a href=\"http:\/\/sbt-thorgal.pl\/wp-content\/uploads\/2013\/05\/IMG_8358-ramka.jpg\"><img decoding=\"async\" loading=\"lazy\" class=\"alignnone size-large wp-image-1708\" src=\"http:\/\/sbt-thorgal.pl\/wp-content\/uploads\/2013\/05\/IMG_8358-ramka-1024x686.jpg\" alt=\"IMG_8358 ramka\" width=\"640\" height=\"428\" srcset=\"http:\/\/sbt-thorgal.pl\/wp-content\/uploads\/2013\/05\/IMG_8358-ramka-1024x686.jpg 1024w, http:\/\/sbt-thorgal.pl\/wp-content\/uploads\/2013\/05\/IMG_8358-ramka-300x201.jpg 300w\" sizes=\"(max-width: 640px) 100vw, 640px\" \/><\/a><\/p>\n<p>4 tygodnie<\/p>\n<p><a href=\"http:\/\/sbt-thorgal.pl\/wp-content\/uploads\/2013\/05\/SAM_4936-ramka.jpg\"><img decoding=\"async\" loading=\"lazy\" class=\"alignnone  wp-image-1702\" src=\"http:\/\/sbt-thorgal.pl\/wp-content\/uploads\/2013\/05\/SAM_4936-ramka-300x168.jpg\" alt=\"SAM_4936 ramka\" width=\"323\" height=\"181\" srcset=\"http:\/\/sbt-thorgal.pl\/wp-content\/uploads\/2013\/05\/SAM_4936-ramka-300x168.jpg 300w, http:\/\/sbt-thorgal.pl\/wp-content\/uploads\/2013\/05\/SAM_4936-ramka-1024x576.jpg 1024w\" sizes=\"(max-width: 323px) 100vw, 323px\" \/><\/a><a href=\"http:\/\/sbt-thorgal.pl\/wp-content\/uploads\/2013\/05\/SAM_4934-ramka.jpg\"><img decoding=\"async\" loading=\"lazy\" class=\"alignnone  wp-image-1701\" src=\"http:\/\/sbt-thorgal.pl\/wp-content\/uploads\/2013\/05\/SAM_4934-ramka-300x168.jpg\" alt=\"SAM_4934 ramka\" width=\"316\" height=\"177\" srcset=\"http:\/\/sbt-thorgal.pl\/wp-content\/uploads\/2013\/05\/SAM_4934-ramka-300x168.jpg 300w, http:\/\/sbt-thorgal.pl\/wp-content\/uploads\/2013\/05\/SAM_4934-ramka-1024x576.jpg 1024w\" sizes=\"(max-width: 316px) 100vw, 316px\" \/><\/a><\/p>\n<p>9 dni<\/p>\n<p><a href=\"http:\/\/sbt-thorgal.pl\/wp-content\/uploads\/2013\/05\/SAM_4876.jpg\"><img decoding=\"async\" loading=\"lazy\" class=\"alignnone  wp-image-1664\" src=\"http:\/\/sbt-thorgal.pl\/wp-content\/uploads\/2013\/05\/SAM_4876-150x150.jpg\" alt=\"SAM_4876\" width=\"235\" height=\"235\" \/><\/a> <a href=\"http:\/\/sbt-thorgal.pl\/wp-content\/uploads\/2013\/05\/SAM_4875-ramka-\u2014-kopia.jpg\"><img decoding=\"async\" loading=\"lazy\" class=\"alignnone size-medium wp-image-1663\" src=\"http:\/\/sbt-thorgal.pl\/wp-content\/uploads\/2013\/05\/SAM_4875-ramka-\u2014-kopia-300x243.jpg\" alt=\"SAM_4875 ramka \u2014 kopia\" width=\"300\" height=\"243\" srcset=\"http:\/\/sbt-thorgal.pl\/wp-content\/uploads\/2013\/05\/SAM_4875-ramka-\u2014-kopia-300x243.jpg 300w, http:\/\/sbt-thorgal.pl\/wp-content\/uploads\/2013\/05\/SAM_4875-ramka-\u2014-kopia-1024x830.jpg 1024w\" sizes=\"(max-width: 300px) 100vw, 300px\" \/><\/a><\/p>\n<p><strong>Thorgal NARFI Z JOTUNHEIM\u00a0<\/strong>\u00a0<strong>&#8211; Kiler (Katowice )<\/strong><\/p>\n<p>6 tygodni<\/p>\n<p><a href=\"http:\/\/sbt-thorgal.pl\/wp-content\/uploads\/2013\/05\/neon.jpg\"><img decoding=\"async\" loading=\"lazy\" class=\"alignnone size-medium wp-image-1718\" src=\"http:\/\/sbt-thorgal.pl\/wp-content\/uploads\/2013\/05\/neon-300x233.jpg\" alt=\"neon\" width=\"300\" height=\"233\" srcset=\"http:\/\/sbt-thorgal.pl\/wp-content\/uploads\/2013\/05\/neon-300x233.jpg 300w, http:\/\/sbt-thorgal.pl\/wp-content\/uploads\/2013\/05\/neon-1024x797.jpg 1024w, http:\/\/sbt-thorgal.pl\/wp-content\/uploads\/2013\/05\/neon.jpg 1800w\" sizes=\"(max-width: 300px) 100vw, 300px\" \/><\/a><a href=\"http:\/\/sbt-thorgal.pl\/wp-content\/uploads\/2013\/05\/neoonn.jpg\"><img decoding=\"async\" loading=\"lazy\" class=\"alignnone  wp-image-1719\" src=\"http:\/\/sbt-thorgal.pl\/wp-content\/uploads\/2013\/05\/neoonn-300x200.jpg\" alt=\"neoonn\" width=\"326\" height=\"217\" srcset=\"http:\/\/sbt-thorgal.pl\/wp-content\/uploads\/2013\/05\/neoonn-300x200.jpg 300w, http:\/\/sbt-thorgal.pl\/wp-content\/uploads\/2013\/05\/neoonn-1024x682.jpg 1024w, http:\/\/sbt-thorgal.pl\/wp-content\/uploads\/2013\/05\/neoonn.jpg 1800w\" sizes=\"(max-width: 326px) 100vw, 326px\" \/><\/a><\/p>\n<p>5 tygodni<a href=\"http:\/\/sbt-thorgal.pl\/wp-content\/uploads\/2013\/05\/IMG_8327-ramka.jpg\"><img decoding=\"async\" loading=\"lazy\" class=\"alignnone size-full wp-image-1709\" src=\"http:\/\/sbt-thorgal.pl\/wp-content\/uploads\/2013\/05\/IMG_8327-ramka.jpg\" alt=\"IMG_8327 ramka\" width=\"3914\" height=\"2618\" srcset=\"http:\/\/sbt-thorgal.pl\/wp-content\/uploads\/2013\/05\/IMG_8327-ramka.jpg 3914w, http:\/\/sbt-thorgal.pl\/wp-content\/uploads\/2013\/05\/IMG_8327-ramka-300x200.jpg 300w, http:\/\/sbt-thorgal.pl\/wp-content\/uploads\/2013\/05\/IMG_8327-ramka-1024x684.jpg 1024w\" sizes=\"(max-width: 3914px) 100vw, 3914px\" \/><\/a><\/p>\n<p>4 tygodnie<\/p>\n<div id=\"main\">\n<div id=\"container\">\n<div id=\"content\">\n<div id=\"post-448\" class=\"post-448 page type-page status-publish hentry\">\n<div class=\"entry-content\">\n<p><a href=\"http:\/\/sbt-thorgal.pl\/wp-content\/uploads\/2013\/05\/SAM_4923-ramka.jpg\"><img decoding=\"async\" loading=\"lazy\" class=\"alignnone  wp-image-1704\" src=\"http:\/\/sbt-thorgal.pl\/wp-content\/uploads\/2013\/05\/SAM_4923-ramka-300x168.jpg\" alt=\"SAM_4923 ramka\" width=\"318\" height=\"178\" srcset=\"http:\/\/sbt-thorgal.pl\/wp-content\/uploads\/2013\/05\/SAM_4923-ramka-300x168.jpg 300w, http:\/\/sbt-thorgal.pl\/wp-content\/uploads\/2013\/05\/SAM_4923-ramka-1024x576.jpg 1024w\" sizes=\"(max-width: 318px) 100vw, 318px\" \/><\/a><a href=\"http:\/\/sbt-thorgal.pl\/wp-content\/uploads\/2013\/05\/SAM_4920-ramka.jpg\"><img decoding=\"async\" loading=\"lazy\" class=\"alignnone  wp-image-1703\" src=\"http:\/\/sbt-thorgal.pl\/wp-content\/uploads\/2013\/05\/SAM_4920-ramka-300x168.jpg\" alt=\"SAM_4920 ramka\" width=\"316\" height=\"177\" srcset=\"http:\/\/sbt-thorgal.pl\/wp-content\/uploads\/2013\/05\/SAM_4920-ramka-300x168.jpg 300w, http:\/\/sbt-thorgal.pl\/wp-content\/uploads\/2013\/05\/SAM_4920-ramka-1024x576.jpg 1024w\" sizes=\"(max-width: 316px) 100vw, 316px\" \/><\/a><\/p>\n<p>9 dni<\/p>\n<p><a href=\"http:\/\/sbt-thorgal.pl\/wp-content\/uploads\/2013\/05\/SAM_4881-ramka.jpg\"><img decoding=\"async\" loading=\"lazy\" class=\"alignnone size-medium wp-image-1666\" src=\"http:\/\/sbt-thorgal.pl\/wp-content\/uploads\/2013\/05\/SAM_4881-ramka-300x206.jpg\" alt=\"SAM_4881 ramka\" width=\"300\" height=\"206\" srcset=\"http:\/\/sbt-thorgal.pl\/wp-content\/uploads\/2013\/05\/SAM_4881-ramka-300x206.jpg 300w, http:\/\/sbt-thorgal.pl\/wp-content\/uploads\/2013\/05\/SAM_4881-ramka-1024x704.jpg 1024w\" sizes=\"(max-width: 300px) 100vw, 300px\" \/><\/a> <a href=\"http:\/\/sbt-thorgal.pl\/wp-content\/uploads\/2013\/05\/SAM_4880-ramka.jpg\"><img decoding=\"async\" loading=\"lazy\" class=\"alignnone size-medium wp-image-1665\" src=\"http:\/\/sbt-thorgal.pl\/wp-content\/uploads\/2013\/05\/SAM_4880-ramka-300x206.jpg\" alt=\"SAM_4880 ramka\" width=\"300\" height=\"206\" srcset=\"http:\/\/sbt-thorgal.pl\/wp-content\/uploads\/2013\/05\/SAM_4880-ramka-300x206.jpg 300w, http:\/\/sbt-thorgal.pl\/wp-content\/uploads\/2013\/05\/SAM_4880-ramka-1024x704.jpg 1024w\" sizes=\"(max-width: 300px) 100vw, 300px\" \/><\/a><\/p>\n<p><strong>Thorgal NIDHOGG Z HEL \u2013 Negro ( Pozna\u0144 )<\/strong><\/p>\n<p>6 tygodni<\/p>\n<p><a href=\"http:\/\/sbt-thorgal.pl\/wp-content\/uploads\/2013\/05\/baaaryla.jpg\"><img decoding=\"async\" loading=\"lazy\" class=\"alignnone size-medium wp-image-1720\" src=\"http:\/\/sbt-thorgal.pl\/wp-content\/uploads\/2013\/05\/baaaryla-212x300.jpg\" alt=\"baaaryla\" width=\"212\" height=\"300\" srcset=\"http:\/\/sbt-thorgal.pl\/wp-content\/uploads\/2013\/05\/baaaryla-212x300.jpg 212w, http:\/\/sbt-thorgal.pl\/wp-content\/uploads\/2013\/05\/baaaryla-724x1024.jpg 724w, http:\/\/sbt-thorgal.pl\/wp-content\/uploads\/2013\/05\/baaaryla.jpg 1273w\" sizes=\"(max-width: 212px) 100vw, 212px\" \/><\/a><a href=\"http:\/\/sbt-thorgal.pl\/wp-content\/uploads\/2013\/05\/baryla.jpg\"><img decoding=\"async\" loading=\"lazy\" class=\"alignnone  wp-image-1721\" src=\"http:\/\/sbt-thorgal.pl\/wp-content\/uploads\/2013\/05\/baryla-300x212.jpg\" alt=\"baryla\" width=\"421\" height=\"298\" srcset=\"http:\/\/sbt-thorgal.pl\/wp-content\/uploads\/2013\/05\/baryla-300x212.jpg 300w, http:\/\/sbt-thorgal.pl\/wp-content\/uploads\/2013\/05\/baryla-1024x725.jpg 1024w\" sizes=\"(max-width: 421px) 100vw, 421px\" \/><\/a><\/p>\n<p>5 tygodni<\/p>\n<p><a href=\"http:\/\/sbt-thorgal.pl\/wp-content\/uploads\/2013\/05\/IMG_8354-ramka.jpg\"><img decoding=\"async\" loading=\"lazy\" class=\"alignnone size-full wp-image-1710\" src=\"http:\/\/sbt-thorgal.pl\/wp-content\/uploads\/2013\/05\/IMG_8354-ramka.jpg\" alt=\"IMG_8354 ramka\" width=\"3914\" height=\"2618\" srcset=\"http:\/\/sbt-thorgal.pl\/wp-content\/uploads\/2013\/05\/IMG_8354-ramka.jpg 3914w, http:\/\/sbt-thorgal.pl\/wp-content\/uploads\/2013\/05\/IMG_8354-ramka-300x200.jpg 300w, http:\/\/sbt-thorgal.pl\/wp-content\/uploads\/2013\/05\/IMG_8354-ramka-1024x684.jpg 1024w\" sizes=\"(max-width: 3914px) 100vw, 3914px\" \/><\/a><\/p>\n<p>4 tygodnie<\/p>\n<p><a href=\"http:\/\/sbt-thorgal.pl\/wp-content\/uploads\/2013\/05\/SAM_4918-ramka.jpg\"><img decoding=\"async\" loading=\"lazy\" class=\"alignnone  wp-image-1707\" src=\"http:\/\/sbt-thorgal.pl\/wp-content\/uploads\/2013\/05\/SAM_4918-ramka-300x168.jpg\" alt=\"SAM_4918 ramka\" width=\"321\" height=\"180\" srcset=\"http:\/\/sbt-thorgal.pl\/wp-content\/uploads\/2013\/05\/SAM_4918-ramka-300x168.jpg 300w, http:\/\/sbt-thorgal.pl\/wp-content\/uploads\/2013\/05\/SAM_4918-ramka-1024x576.jpg 1024w\" sizes=\"(max-width: 321px) 100vw, 321px\" \/><\/a><a href=\"http:\/\/sbt-thorgal.pl\/wp-content\/uploads\/2013\/05\/SAM_4913-ramka.jpg\"><img decoding=\"async\" loading=\"lazy\" class=\"alignnone  wp-image-1706\" src=\"http:\/\/sbt-thorgal.pl\/wp-content\/uploads\/2013\/05\/SAM_4913-ramka-300x168.jpg\" alt=\"SAM_4913 ramka\" width=\"315\" height=\"176\" srcset=\"http:\/\/sbt-thorgal.pl\/wp-content\/uploads\/2013\/05\/SAM_4913-ramka-300x168.jpg 300w, http:\/\/sbt-thorgal.pl\/wp-content\/uploads\/2013\/05\/SAM_4913-ramka-1024x576.jpg 1024w\" sizes=\"(max-width: 315px) 100vw, 315px\" \/><\/a>9 dni<\/p>\n<p><a href=\"http:\/\/sbt-thorgal.pl\/wp-content\/uploads\/2013\/05\/SAM_4891-ramka.jpg\"><img decoding=\"async\" loading=\"lazy\" class=\"alignnone size-medium wp-image-1668\" src=\"http:\/\/sbt-thorgal.pl\/wp-content\/uploads\/2013\/05\/SAM_4891-ramka-300x227.jpg\" alt=\"SAM_4891 ramka\" width=\"300\" height=\"227\" srcset=\"http:\/\/sbt-thorgal.pl\/wp-content\/uploads\/2013\/05\/SAM_4891-ramka-300x227.jpg 300w, http:\/\/sbt-thorgal.pl\/wp-content\/uploads\/2013\/05\/SAM_4891-ramka-1024x775.jpg 1024w\" sizes=\"(max-width: 300px) 100vw, 300px\" \/><\/a><a href=\"http:\/\/sbt-thorgal.pl\/wp-content\/uploads\/2013\/05\/SAM_4889-ramka.jpg\"><img decoding=\"async\" loading=\"lazy\" class=\"alignnone  wp-image-1667\" src=\"http:\/\/sbt-thorgal.pl\/wp-content\/uploads\/2013\/05\/SAM_4889-ramka-300x206.jpg\" alt=\"SAM_4889 ramka\" width=\"335\" height=\"230\" srcset=\"http:\/\/sbt-thorgal.pl\/wp-content\/uploads\/2013\/05\/SAM_4889-ramka-300x206.jpg 300w, http:\/\/sbt-thorgal.pl\/wp-content\/uploads\/2013\/05\/SAM_4889-ramka-1024x703.jpg 1024w\" sizes=\"(max-width: 335px) 100vw, 335px\" \/><\/a><\/p>\n<p><span class=\"edit-link\"><a class=\"post-edit-link\" href=\"http:\/\/sbt-thorgal.pl\/wp-admin\/post.php?post=448&amp;action=edit\">Edytuj<\/a><\/span><\/p>\n<\/div>\n<\/div>\n<div id=\"comments\"><\/div>\n<\/div>\n<\/div>\n<div id=\"primary\" class=\"widget-area\">\n<ul class=\"xoxo\">\n<li id=\"search-2\" class=\"widget-container widget_search\">\n<form id=\"searchform\" class=\"searchform\" action=\"http:\/\/sbt-thorgal.pl\/\" method=\"get\">\n<div><input id=\"s\" name=\"s\" type=\"text\" value=\"\" \/>\u00a0<input id=\"searchsubmit\" type=\"submit\" value=\"Szukaj\" \/><\/div>\n<\/form>\n<\/li>\n<li id=\"recent-posts-2\" class=\"widget-container widget_recent_entries\">\n<h3 class=\"widget-title\">Najnowsze wpisy<\/h3>\n<ul>\n<li><a href=\"http:\/\/sbt-thorgal.pl\/index.php\/2017\/11\/miot-n-czas-sie-juz-pozegnac\/\">Miot N \u2013 czas si\u0119 ju\u017c po\u017cegna\u0107<\/a><\/li>\n<li><a href=\"http:\/\/sbt-thorgal.pl\/index.php\/2017\/09\/mamy-szczenieta-szosty-miot-w-thorgalu\/\">Mamy szczeni\u0119ta \u2013 sz\u00f3sty miot w Thorgalu !!!<\/a><\/li>\n<li><a href=\"http:\/\/sbt-thorgal.pl\/index.php\/2017\/08\/laki-junior-champion-of-slovakia\/\">Laki \u2013 Junior Champion of Slovakia<\/a><\/li>\n<li><a href=\"http:\/\/sbt-thorgal.pl\/index.php\/2017\/07\/bull-type-terriers-club-show-vii-alec-waters-memorial-czosnow-09-07-2017\/\">Bull Type Terriers Club Show, VII Alec Waters Memorial, Czosn\u00f3w 09.07.2017<\/a><\/li>\n<li><a href=\"http:\/\/sbt-thorgal.pl\/index.php\/2017\/06\/we-have-new-thorgal-champion-of-poland\/\">We have new Thorgal CHAMPION OF POLAND !!!!<\/a><\/li>\n<\/ul>\n<\/li>\n<li id=\"archives-3\" class=\"widget-container widget_archive\">\n<h3 class=\"widget-title\">Archiwa<\/h3>\n<ul>\n<li><a href=\"http:\/\/sbt-thorgal.pl\/index.php\/2017\/11\/\">Listopad 2017<\/a><\/li>\n<li><a href=\"http:\/\/sbt-thorgal.pl\/index.php\/2017\/09\/\">Wrzesie\u0144 2017<\/a><\/li>\n<li><a href=\"http:\/\/sbt-thorgal.pl\/index.php\/2017\/08\/\">Sierpie\u0144 2017<\/a><\/li>\n<li><a href=\"http:\/\/sbt-thorgal.pl\/index.php\/2017\/07\/\">Lipiec 2017<\/a><\/li>\n<li><a href=\"http:\/\/sbt-thorgal.pl\/index.php\/2017\/06\/\">Czerwiec 2017<\/a><\/li>\n<li><a href=\"http:\/\/sbt-thorgal.pl\/index.php\/2017\/05\/\">Maj 2017<\/a><\/li>\n<li><a href=\"http:\/\/sbt-thorgal.pl\/index.php\/2017\/04\/\">Kwiecie\u0144 2017<\/a><\/li>\n<li><a href=\"http:\/\/sbt-thorgal.pl\/index.php\/2017\/03\/\">Marzec 2017<\/a><\/li>\n<li><a href=\"http:\/\/sbt-thorgal.pl\/index.php\/2017\/02\/\">Luty 2017<\/a><\/li>\n<li><a href=\"http:\/\/sbt-thorgal.pl\/index.php\/2017\/01\/\">Stycze\u0144 2017<\/a><\/li>\n<li><a href=\"http:\/\/sbt-thorgal.pl\/index.php\/2016\/11\/\">Listopad 2016<\/a><\/li>\n<li><a href=\"http:\/\/sbt-thorgal.pl\/index.php\/2016\/10\/\">Pa\u017adziernik 2016<\/a><\/li>\n<li><a href=\"http:\/\/sbt-thorgal.pl\/index.php\/2016\/09\/\">Wrzesie\u0144 2016<\/a><\/li>\n<li><a href=\"http:\/\/sbt-thorgal.pl\/index.php\/2016\/08\/\">Sierpie\u0144 2016<\/a><\/li>\n<li><a href=\"http:\/\/sbt-thorgal.pl\/index.php\/2016\/07\/\">Lipiec 2016<\/a><\/li>\n<li><a href=\"http:\/\/sbt-thorgal.pl\/index.php\/2016\/06\/\">Czerwiec 2016<\/a><\/li>\n<li><a href=\"http:\/\/sbt-thorgal.pl\/index.php\/2016\/05\/\">Maj 2016<\/a><\/li>\n<li><a href=\"http:\/\/sbt-thorgal.pl\/index.php\/2016\/04\/\">Kwiecie\u0144 2016<\/a><\/li>\n<li><a href=\"http:\/\/sbt-thorgal.pl\/index.php\/2016\/03\/\">Marzec 2016<\/a><\/li>\n<li><a href=\"http:\/\/sbt-thorgal.pl\/index.php\/2016\/02\/\">Luty 2016<\/a><\/li>\n<li><a href=\"http:\/\/sbt-thorgal.pl\/index.php\/2016\/01\/\">Stycze\u0144 2016<\/a><\/li>\n<li><a href=\"http:\/\/sbt-thorgal.pl\/index.php\/2015\/12\/\">Grudzie\u0144 2015<\/a><\/li>\n<li><a href=\"http:\/\/sbt-thorgal.pl\/index.php\/2015\/11\/\">Listopad 2015<\/a><\/li>\n<li><a href=\"http:\/\/sbt-thorgal.pl\/index.php\/2015\/10\/\">Pa\u017adziernik 2015<\/a><\/li>\n<li><a href=\"http:\/\/sbt-thorgal.pl\/index.php\/2015\/09\/\">Wrzesie\u0144 2015<\/a><\/li>\n<li><a href=\"http:\/\/sbt-thorgal.pl\/index.php\/2015\/08\/\">Sierpie\u0144 2015<\/a><\/li>\n<li><a href=\"http:\/\/sbt-thorgal.pl\/index.php\/2015\/07\/\">Lipiec 2015<\/a><\/li>\n<li><a href=\"http:\/\/sbt-thorgal.pl\/index.php\/2015\/06\/\">Czerwiec 2015<\/a><\/li>\n<li><a href=\"http:\/\/sbt-thorgal.pl\/index.php\/2015\/05\/\">Maj 2015<\/a><\/li>\n<li><a href=\"http:\/\/sbt-thorgal.pl\/index.php\/2015\/04\/\">Kwiecie\u0144 2015<\/a><\/li>\n<li><a href=\"http:\/\/sbt-thorgal.pl\/index.php\/2015\/03\/\">Marzec 2015<\/a><\/li>\n<li><a href=\"http:\/\/sbt-thorgal.pl\/index.php\/2015\/01\/\">Stycze\u0144 2015<\/a><\/li>\n<li><a href=\"http:\/\/sbt-thorgal.pl\/index.php\/2014\/12\/\">Grudzie\u0144 2014<\/a><\/li>\n<li><a href=\"http:\/\/sbt-thorgal.pl\/index.php\/2014\/11\/\">Listopad 2014<\/a><\/li>\n<li><a href=\"http:\/\/sbt-thorgal.pl\/index.php\/2014\/10\/\">Pa\u017adziernik 2014<\/a><\/li>\n<li><a href=\"http:\/\/sbt-thorgal.pl\/index.php\/2014\/09\/\">Wrzesie\u0144 2014<\/a><\/li>\n<li><a href=\"http:\/\/sbt-thorgal.pl\/index.php\/2014\/08\/\">Sierpie\u0144 2014<\/a><\/li>\n<li><a href=\"http:\/\/sbt-thorgal.pl\/index.php\/2014\/07\/\">Lipiec 2014<\/a><\/li>\n<li><a href=\"http:\/\/sbt-thorgal.pl\/index.php\/2014\/06\/\">Czerwiec 2014<\/a><\/li>\n<li><a href=\"http:\/\/sbt-thorgal.pl\/index.php\/2014\/05\/\">Maj 2014<\/a><\/li>\n<li><a href=\"http:\/\/sbt-thorgal.pl\/index.php\/2014\/04\/\">Kwiecie\u0144 2014<\/a><\/li>\n<li><a href=\"http:\/\/sbt-thorgal.pl\/index.php\/2014\/03\/\">Marzec 2014<\/a><\/li>\n<li><a href=\"http:\/\/sbt-thorgal.pl\/index.php\/2014\/02\/\">Luty 2014<\/a><\/li>\n<li><a href=\"http:\/\/sbt-thorgal.pl\/index.php\/2014\/01\/\">Stycze\u0144 2014<\/a><\/li>\n<li><a href=\"http:\/\/sbt-thorgal.pl\/index.php\/2013\/12\/\">Grudzie\u0144 2013<\/a><\/li>\n<li><a href=\"http:\/\/sbt-thorgal.pl\/index.php\/2013\/10\/\">Pa\u017adziernik 2013<\/a><\/li>\n<li><a href=\"http:\/\/sbt-thorgal.pl\/index.php\/2013\/09\/\">Wrzesie\u0144 2013<\/a><\/li>\n<li><a href=\"http:\/\/sbt-thorgal.pl\/index.php\/2013\/07\/\">Lipiec 2013<\/a><\/li>\n<li><a href=\"http:\/\/sbt-thorgal.pl\/index.php\/2013\/06\/\">Czerwiec 2013<\/a><\/li>\n<li><a href=\"http:\/\/sbt-thorgal.pl\/index.php\/2013\/05\/\">Maj 2013<\/a><\/li>\n<li><a href=\"http:\/\/sbt-thorgal.pl\/index.php\/2013\/04\/\">Kwiecie\u0144 2013<\/a><\/li>\n<li><a href=\"http:\/\/sbt-thorgal.pl\/index.php\/2013\/03\/\">Marzec 2013<\/a><\/li>\n<li><a href=\"http:\/\/sbt-thorgal.pl\/index.php\/2013\/01\/\">Stycze\u0144 2013<\/a><\/li>\n<li><a href=\"http:\/\/sbt-thorgal.pl\/index.php\/2012\/10\/\">Pa\u017adziernik 2012<\/a><\/li>\n<li><a href=\"http:\/\/sbt-thorgal.pl\/index.php\/2012\/09\/\">Wrzesie\u0144 2012<\/a><\/li>\n<li><a href=\"http:\/\/sbt-thorgal.pl\/index.php\/2012\/07\/\">Lipiec 2012<\/a><\/li>\n<li><a href=\"http:\/\/sbt-thorgal.pl\/index.php\/2012\/05\/\">Maj 2012<\/a><\/li>\n<li><a href=\"http:\/\/sbt-thorgal.pl\/index.php\/2012\/03\/\">Marzec 2012<\/a><\/li>\n<li><a href=\"http:\/\/sbt-thorgal.pl\/index.php\/2011\/08\/\">Sierpie\u0144 2011<\/a><\/li>\n<li><a href=\"http:\/\/sbt-thorgal.pl\/index.php\/2011\/06\/\">Czerwiec 2011<\/a><\/li>\n<li><a href=\"http:\/\/sbt-thorgal.pl\/index.php\/2010\/07\/\">Lipiec 2010<\/a><\/li>\n<li><a href=\"http:\/\/sbt-thorgal.pl\/index.php\/2010\/06\/\">Czerwiec 2010<\/a><\/li>\n<li><a href=\"http:\/\/sbt-thorgal.pl\/index.php\/2010\/04\/\">Kwiecie\u0144 2010<\/a><\/li>\n<li><a href=\"http:\/\/sbt-thorgal.pl\/index.php\/2010\/02\/\">Luty 2010<\/a><\/li>\n<li><a href=\"http:\/\/sbt-thorgal.pl\/index.php\/2009\/11\/\">Listopad 2009<\/a><\/li>\n<li><a href=\"http:\/\/sbt-thorgal.pl\/index.php\/2009\/10\/\">Pa\u017adziernik 2009<\/a><\/li>\n<li><a href=\"http:\/\/sbt-thorgal.pl\/index.php\/2009\/09\/\">Wrzesie\u0144 2009<\/a><\/li>\n<li><a href=\"http:\/\/sbt-thorgal.pl\/index.php\/2009\/07\/\">Lipiec 2009<\/a><\/li>\n<li><a href=\"http:\/\/sbt-thorgal.pl\/index.php\/2009\/05\/\">Maj 2009<\/a><\/li>\n<li><a href=\"http:\/\/sbt-thorgal.pl\/index.php\/2009\/04\/\">Kwiecie\u0144 2009<\/a><\/li>\n<li><a href=\"http:\/\/sbt-thorgal.pl\/index.php\/2009\/03\/\">Marzec 2009<\/a><\/li>\n<li><a href=\"http:\/\/sbt-thorgal.pl\/index.php\/2009\/02\/\">Luty 2009<\/a><\/li>\n<li><a href=\"http:\/\/sbt-thorgal.pl\/index.php\/2008\/11\/\">Listopad 2008<\/a><\/li>\n<li><a href=\"http:\/\/sbt-thorgal.pl\/index.php\/2008\/09\/\">Wrzesie\u0144 2008<\/a><\/li>\n<li><a href=\"http:\/\/sbt-thorgal.pl\/index.php\/2008\/07\/\">Lipiec 2008<\/a><\/li>\n<li><a href=\"http:\/\/sbt-thorgal.pl\/index.php\/2008\/06\/\">Czerwiec 2008<\/a><\/li>\n<li><a href=\"http:\/\/sbt-thorgal.pl\/index.php\/2008\/05\/\">Maj 2008<\/a><\/li>\n<li><a href=\"http:\/\/sbt-thorgal.pl\/index.php\/2008\/04\/\">Kwiecie\u0144 2008<\/a><\/li>\n<li><a href=\"http:\/\/sbt-thorgal.pl\/index.php\/2008\/03\/\">Marzec 2008<\/a><\/li>\n<li><a href=\"http:\/\/sbt-thorgal.pl\/index.php\/2008\/02\/\">Luty 2008<\/a><\/li>\n<li><a href=\"http:\/\/sbt-thorgal.pl\/index.php\/2007\/12\/\">Grudzie\u0144 2007<\/a><\/li>\n<\/ul>\n<\/li>\n<\/ul>\n<\/div>\n<\/div>\n<div id=\"footer\"><\/div>\n<p>&nbsp;<\/p>\n<p>&nbsp;<\/p>\n","protected":false},"excerpt":{"rendered":"<p>20.09.2017r \u00a0w naszej hodowli urodzi\u0142y si\u0119 2 pieski i 1 suczka ze skojarzenia \u00a0naszej Ch.Thorgal Arianki z Talgaru \u2013 Janeczki \u00a0z wybitnym angielskim, eleganckim psem Ch. Jacobeaus Viva La Vida \u2013 Reno , mieszkaj\u0105cym w Holandii \u00a0( hodowla Frisian Staff\u2019s &hellip; <a href=\"http:\/\/sbt-thorgal.pl\/index.php\/miot\/\">Czytaj dalej <span class=\"meta-nav\">&rarr;<\/span><\/a><\/p>\n","protected":false},"author":3,"featured_media":0,"parent":0,"menu_order":0,"comment_status":"closed","ping_status":"open","template":"","meta":{"footnotes":""},"_links":{"self":[{"href":"http:\/\/sbt-thorgal.pl\/index.php\/wp-json\/wp\/v2\/pages\/1511"}],"collection":[{"href":"http:\/\/sbt-thorgal.pl\/index.php\/wp-json\/wp\/v2\/pages"}],"about":[{"href":"http:\/\/sbt-thorgal.pl\/index.php\/wp-json\/wp\/v2\/types\/page"}],"author":[{"embeddable":true,"href":"http:\/\/sbt-thorgal.pl\/index.php\/wp-json\/wp\/v2\/users\/3"}],"replies":[{"embeddable":true,"href":"http:\/\/sbt-thorgal.pl\/index.php\/wp-json\/wp\/v2\/comments?post=1511"}],"version-history":[{"count":32,"href":"http:\/\/sbt-thorgal.pl\/index.php\/wp-json\/wp\/v2\/pages\/1511\/revisions"}],"predecessor-version":[{"id":1925,"href":"http:\/\/sbt-thorgal.pl\/index.php\/wp-json\/wp\/v2\/pages\/1511\/revisions\/1925"}],"wp:attachment":[{"href":"http:\/\/sbt-thorgal.pl\/index.php\/wp-json\/wp\/v2\/media?parent=1511"}],"curies":[{"name":"wp","href":"https:\/\/api.w.org\/{rel}","templated":true}]}}